{"id":934,"date":"2016-03-29T19:57:25","date_gmt":"2016-03-29T19:57:25","guid":{"rendered":"http:\/\/ferri.ca\/?page_id=934"},"modified":"2016-07-18T08:52:48","modified_gmt":"2016-07-18T12:52:48","slug":"testimonials","status":"publish","type":"page","link":"https:\/\/dev.ferri.ca\/en\/why-ferri\/testimonials\/","title":{"rendered":"Testimonials"},"content":{"rendered":"\n<style type=\"text\/css\" data-created_by=\"avia_inline_auto\" id=\"style-css-av-av_section-456d06602fc27b483123bc52635e23a6\">\n.avia-section.av-av_section-456d06602fc27b483123bc52635e23a6 .av-section-color-overlay{\nopacity:0.7;\nbackground-color:#003d73;\n}\n<\/style>\n<div id='av_section_1'  class='avia-section av-av_section-456d06602fc27b483123bc52635e23a6 main_color avia-section-default avia-no-shadow  avia-builder-el-0  el_before_av_textblock  avia-builder-el-first  avia-bg-style-scroll av-section-color-overlay-active  av-minimum-height av-minimum-height-25  container_wrap sidebar_right'   data-av_minimum_height_pc='25'><div class='av-section-color-overlay-wrap'><div class=\"av-section-color-overlay\"><\/div><div class='container av-section-cont-open' ><main  role=\"main\" itemprop=\"mainContentOfPage\"  class='template-page content  av-content-small alpha units'><div class='post-entry post-entry-type-page post-entry-934'><div class='entry-content-wrapper clearfix'>\n\n<style type=\"text\/css\" data-created_by=\"avia_inline_auto\" id=\"style-css-av-av_heading-44394c4521eb4b11fe2aed50898643c4\">\n#top .av-special-heading.av-av_heading-44394c4521eb4b11fe2aed50898643c4{\npadding-bottom:0px;\ncolor:#ffffff;\nfont-size:60px;\n}\n.av-special-heading.av-av_heading-44394c4521eb4b11fe2aed50898643c4 .special-heading-inner-border{\nborder-color:#ffffff;\n}\n.av-special-heading.av-av_heading-44394c4521eb4b11fe2aed50898643c4 .av-subheading{\nfont-size:15px;\n}\n<\/style>\n<div  class='av-special-heading av-av_heading-44394c4521eb4b11fe2aed50898643c4 av-special-heading-h1 custom-color-heading blockquote modern-quote  avia-builder-el-1  avia-builder-el-no-sibling  av-inherit-size '><h1 class='av-special-heading-tag '  itemprop=\"headline\"  >Testimonials<\/h1><div class='av_custom_color av-subheading av-subheading_below '><p>Your opinion matters<\/p>\n<\/div><div class='special-heading-border'><div class='special-heading-inner-border'><\/div><\/div><\/div>\n<\/div><\/div><\/main><!-- close content main element --><\/div><\/div><\/div><div id='after_section_1'  class='main_color av_default_container_wrap container_wrap sidebar_right'  ><div class='container av-section-cont-open' ><div class='template-page content  av-content-small alpha units'><div class='post-entry post-entry-type-page post-entry-934'><div class='entry-content-wrapper clearfix'><section  class='av_textblock_section av-av_textblock-0366cc7376be6c9e82a3e9cc8987b64f '  itemscope=\"itemscope\" itemtype=\"https:\/\/schema.org\/CreativeWork\" ><div class='avia_textblock '  itemprop=\"text\" ><div class='id3_testimonials'><div class=\"testimonial\">\r\n\t<div class=\"content\"><div>A la Direction<\/div>\n<div><\/div>\n<div>Quelle courti\u00e8re extraordinaire: vente en cinq jours et bien au-dessus du prix fix\u00e9. Engag\u00e9e, d&#8217;une grande g\u00e9n\u00e9rosit\u00e9, toujours disponible pour r\u00e9pondre \u00e0 nos attentes, n\u00e9gociatrice hors pair. Nous lui sommes tr\u00e8s reconnaissants pour avoir mener \u00e0 bien la vente de notre demeure.<\/div>\n<\/div>\r\n\t<div class=\"indicator\"><\/div>\r\n\t<div class=\"author\">Pierrette Qu\u00e9villon et Andr\u00e9 Boudrias<\/div>\r\n<\/div><div class=\"testimonial\">\r\n\t<div class=\"content\"><p>Nous voulons remercier l\u2019\u00e9quipe Ferri pour leurs bons services lors de l\u2019achat de notre maison. <\/p>\n<p>Un merci plus particulier  \u00e0 Amanda qui s\u2019est montr\u00e9e tr\u00e8s professionnelle, disponible et \u00e0 l\u2019\u00e9coute durant tout le processus d\u2019achat.  Vous nous avez permis de trouver rapidement notre maison de r\u00eave! <\/p>\n<p>Nous recommandons fortement Amanda et l\u2019\u00e9quipe Ferri et nous ferons tr\u00e8s certainement affaire avec eux \u00e0 nouveau si n\u00e9cessaire. <\/p>\n<\/div>\r\n\t<div class=\"indicator\"><\/div>\r\n\t<div class=\"author\">Valerie et Julien<\/div>\r\n<\/div><div class=\"testimonial\">\r\n\t<div class=\"content\"><p>My experience buying my first home with Amanda has honestly been one where i felt guided and comfortable. Amanda was with me every single step of the way, accompanying me to the many \u00a0house visits and when she couldn&#8217;t be there, Pat was there to represent her. I was never alone in one of the biggest purchase of my life, a time that can be stressful and overwhelming. However, with the expertise, transparency and attentiveness of Agence Immobili\u00e8re Ferri, the clients&#8217; needs are of utmost importance, leaving me feeling motivated throughout the process and confident with my purchase.<\/p>\n<p>I definitely recommend this <strong>amazing team<\/strong> of <strong>reliable<\/strong>, <strong>knowledgeable<\/strong> agents for anyone in search of a perfect house to call home!<\/p>\n<p>&nbsp;<\/p>\n<\/div>\r\n\t<div class=\"indicator\"><\/div>\r\n\t<div class=\"author\">Melissa<\/div>\r\n<\/div><div class=\"testimonial\">\r\n\t<div class=\"content\"><p>\u00c9tant client de Ferri, agence immobili\u00e8re depuis pr\u00e8s de 10 ans, j&#8217;ai eu le plaisir d&#8217;effectuer plusieurs transactions avec eux que ce soit pour la vente, l&#8217;achat ou la location de r\u00e9sidences ou d&#8217;immeubles. Je peux donc me permettre de souligner le professionnalisme, l&#8217;efficacit\u00e9 et la fiabilit\u00e9 de cette \u00e9quipe. Par contre, ce qui en fait, selon moi, une agence \u00e0 part, c&#8217;est leur service tr\u00e8s personnalis\u00e9 et surtout cette DISPONIBILIT\u00c9 qu&#8217;on ne peut retrouver nulle part ailleurs et qui en fait donc leur marque de commerce.<\/p>\n<\/div>\r\n\t<div class=\"indicator\"><\/div>\r\n\t<div class=\"author\">Anonyme<\/div>\r\n<\/div><div class=\"testimonial\">\r\n\t<div class=\"content\"><p>Merci infiniement au Groupe Ferri ! Ils nous ont pris en charge du d\u00e9but \u00e0 la fin. C&#8217;\u00e9tait rassurant de savoir que le Groupe Ferri offrait tous les services (notaire, contact pour le financement,&#8230;) sous la m\u00eame banni\u00e8re.<\/p>\n<p>Merci\u00a0de votre patience lors des 30 visites et plus des propri\u00e9t\u00e9s.<\/p>\n<\/div>\r\n\t<div class=\"indicator\"><\/div>\r\n\t<div class=\"author\">St\u00e9phane et Annie<\/div>\r\n<\/div><div class=\"testimonial\">\r\n\t<div class=\"content\"><p>Bonjour Vincent,<\/p>\n<p>Je prends ces quelques minutes pour vous remercier tr\u00e8s sinc\u00e8rement pour toute l\u2019attention et la d\u00e9votion que vous avez fait preuve \u00e0 notre \u00e9gard tout au long du processus d\u2019achat de notre nouvelle maison. Vous m\u2019aviez \u00e9t\u00e9 chaudement recommand\u00e9 et je comprends maintenant pourquoi\u2026 Votre professionnalisme, votre gentillesse, votre attention ne sont que quelques-unes des qualit\u00e9s qui ont fait de ce processus habituellement stressant une exp\u00e9rience super agr\u00e9able et pas du tout stressante\u2026 Votre sens de l\u2019\u00e9coute et votre g\u00e9n\u00e9rosit\u00e9 a fait en sorte que nous nous sommes compris imm\u00e9diatement. Vous avez rendu possible notre r\u00eave de devenir propri\u00e9taire et ce sans trop s\u2019\u00e9loigner de Montr\u00e9al et malgr\u00e9 notre budget!<\/p>\n<p>Nous ne vous remercierons jamais assez de nous avoir trouver \u00ab notre nid d\u2019amour \u00bb. Nous sommes plus que satisfait du bon travail fait par Vincent Bruno et nous vous recommandons fortement a tous ceux et celle qui comme nous ne s\u2019y connaissent peu ou pas !<\/p>\n<p>Encore Merci Vincent<\/p>\n<\/div>\r\n\t<div class=\"indicator\"><\/div>\r\n\t<div class=\"author\">Marie-Claude &#038; Omar<\/div>\r\n<\/div><div class=\"testimonial\">\r\n\t<div class=\"content\"><p>Nat et Eugenio, une simple note vous remerciant de votre bon travail pour la vente de mon condo du 2635 Rufus Rockhead.<\/p>\n<p>Rapidit\u00e9 et professionnalisme a \u00e9t\u00e9 de mise tout au long des n\u00e9gociations, je vous recommanderai sans probl\u00e8me.<\/p>\n<p>Encore merci,<\/p>\n<\/div>\r\n\t<div class=\"indicator\"><\/div>\r\n\t<div class=\"author\">Jean<\/div>\r\n<\/div><div class=\"testimonial\">\r\n\t<div class=\"content\"><p>Nous sommes tr\u00e8s satisfaits des services offerts par l&#8217;\u00e9quipe Immobiliers Ferri Inc.<\/p>\n<p>Nous recommandons fortement de faire appel aux services de cette excellente \u00e9quipe.<\/p>\n<\/div>\r\n\t<div class=\"indicator\"><\/div>\r\n\t<div class=\"author\">Traiaia et Pehtereva<\/div>\r\n<\/div><div class=\"testimonial\">\r\n\t<div class=\"content\"><p>I would like to express my gratitude for the excellent service I received from the Ferri team. It&#8217;s very rare to find a service that professional, courteous and entirely hassle free.<\/p>\n<p>The Ferri team takes the real estate experience to the next level. Not only their knowledge of the real estate business is a big advantage for any customer but the way they treat each one of them is just \u2018unique\u2019.<\/p>\n<p>I was so impressed by the high quality of their service that I contacted them to do business with them again.<\/p>\n<p>I will be delighted to have the Ferri team manage my future properties and would recommend them without hesitation.<\/p>\n<p>Thank you Ferri,<\/p>\n<\/div>\r\n\t<div class=\"indicator\"><\/div>\r\n\t<div class=\"author\">Reda<\/div>\r\n<\/div><div class=\"testimonial\">\r\n\t<div class=\"content\"><p>I\u2019m a mortgage development manager for National Bank of Canada. I have been working with the Ferri real estate brokers for 3 years , we worked together on many condos projects over the 3 years.<\/p>\n<p>It\u2019s always a pleasure to work with this professional team of brokers. They give detailed attention to all there customers that\u2019s what make the difference on the market.<\/p>\n<p>I highly recommend this firm that\u2019s been on the market for over 20 years, there success is based on their outstanding services.<\/p>\n<p>We established a great business relation over the years and I\u2019m looking forward to working with them for many years to come.<\/p>\n<p>I wish you all the best&#8230;<\/p>\n<\/div>\r\n\t<div class=\"indicator\"><\/div>\r\n\t<div class=\"author\">Marc<\/div>\r\n<\/div><div class=\"testimonial\">\r\n\t<div class=\"content\"><p>We decided to sell our old home and purchase a new one .So many questions and so many tasks it was almost overwhelming. But with Team Ferri , it was just a great experience. From giving us tips to how to market our home for a quick sell to the ins and outs of how to go about purchasing a new home they were there all the way through. My fondest memories of buying a new home will always be the joy of finding the right one and the great Team work of Amanda and Pat , as they were Professional , persistent and always had some great fun along the way . Thank you for a remarkable journey!<\/p>\n<\/div>\r\n\t<div class=\"indicator\"><\/div>\r\n\t<div class=\"author\">G.Teoli<\/div>\r\n<\/div><div class=\"testimonial\">\r\n\t<div class=\"content\"><p>Att: Mr. Pasquale Ferri &amp; Ms. Amanda Ferri<\/p>\n<p>Firstly, I just would like to express my gratitude to Mr. Ferri for being honest, old school and extremely professional and the fact that him and his daughter Amanda works together as a team.<\/p>\n<p>I met Mr. Ferri through another entity as I was searching for another Real Estate Agent to guide through the final choices that I had to make. He said to me : \u201cI\u2019m going to be very honest with you, and I am not going to promise you something that I can\u2019t bring forth but I\u2019ll do my best to help you sell your home and for you to obtain some collateral out of it.\u201d<\/p>\n<p>He gave me a few tips on how to present the house: like painting the window sills and have a clutter free counter top just to give create more visually specs and space when you enter into the house. My advice to you sellers and buyers listen to your agents they know the ins and outs of this profession or try to work with them, remind you, this is why you hired them.<\/p>\n<p>We discussed my options and he perused around my beautiful three stories home. Mr. Ferri posted my home for sale Feb 13, 2012 and we arranged a visit for Feb 17, 2012. The second person within a space of half an hour came and fell in love with my home.<\/p>\n<p>The following morning after only two visits, I had an offer, within less than 24 hours, wow!<\/p>\n<p>I was floored, as a first time home owner, I was in awe! I won\u2019t announce what was the offer, but I can happily state that it was pretty reasonable. Amanda and Mr. Ferri are awesome they continued to follow-up on me assist me with options for repurchasing or renting, they never faded out of sight and that\u2019s what amazes me so much, their devotion and work ethics.<\/p>\n<p>I am recommending them both to all future buyers and sellers\u2019 whether a commercial or a private dwelling. These are the professionals that you would want to appoint.<\/p>\n<p>Thanks you so much Mr. Ferri and Amanda and continue with underlying devotion and commitment to your clients.<\/p>\n<\/div>\r\n\t<div class=\"indicator\"><\/div>\r\n\t<div class=\"author\">Althea<\/div>\r\n<\/div><\/div>\n<\/div><\/section><\/p>\n","protected":false},"excerpt":{"rendered":"","protected":false},"author":1,"featured_media":0,"parent":919,"menu_order":20,"comment_status":"closed","ping_status":"closed","template":"","meta":[],"yoast_head":"<!-- This site is optimized with the Yoast SEO plugin v17.6 - https:\/\/yoast.com\/wordpress\/plugins\/seo\/ -->\n<title>Testimonials - Ferri<\/title>\n<meta name=\"robots\" content=\"noindex, follow, max-snippet:-1, max-image-preview:large, max-video-preview:-1\" \/>\n<meta property=\"og:locale\" content=\"en_US\" \/>\n<meta property=\"og:type\" content=\"article\" \/>\n<meta property=\"og:title\" content=\"Testimonials - Ferri\" \/>\n<meta property=\"og:url\" content=\"https:\/\/dev.ferri.ca\/en\/why-ferri\/testimonials\/\" \/>\n<meta property=\"og:site_name\" content=\"Ferri\" \/>\n<meta property=\"article:modified_time\" content=\"2016-07-18T12:52:48+00:00\" \/>\n<meta name=\"twitter:card\" content=\"summary\" \/>\n<meta name=\"twitter:label1\" content=\"Est. reading time\" \/>\n\t<meta name=\"twitter:data1\" content=\"1 minute\" \/>\n<script type=\"application\/ld+json\" class=\"yoast-schema-graph\">{\"@context\":\"https:\/\/schema.org\",\"@graph\":[{\"@type\":\"WebSite\",\"@id\":\"https:\/\/dev.ferri.ca\/#website\",\"url\":\"https:\/\/dev.ferri.ca\/\",\"name\":\"Ferri\",\"description\":\"Agence immobili\\u00e8re depuis 1993\",\"potentialAction\":[{\"@type\":\"SearchAction\",\"target\":{\"@type\":\"EntryPoint\",\"urlTemplate\":\"https:\/\/dev.ferri.ca\/?s={search_term_string}\"},\"query-input\":\"required name=search_term_string\"}],\"inLanguage\":\"en-US\"},{\"@type\":\"WebPage\",\"@id\":\"https:\/\/dev.ferri.ca\/en\/why-ferri\/testimonials\/#webpage\",\"url\":\"https:\/\/dev.ferri.ca\/en\/why-ferri\/testimonials\/\",\"name\":\"Testimonials - Ferri\",\"isPartOf\":{\"@id\":\"https:\/\/dev.ferri.ca\/#website\"},\"datePublished\":\"2016-03-29T19:57:25+00:00\",\"dateModified\":\"2016-07-18T12:52:48+00:00\",\"breadcrumb\":{\"@id\":\"https:\/\/dev.ferri.ca\/en\/why-ferri\/testimonials\/#breadcrumb\"},\"inLanguage\":\"en-US\",\"potentialAction\":[{\"@type\":\"ReadAction\",\"target\":[\"https:\/\/dev.ferri.ca\/en\/why-ferri\/testimonials\/\"]}]},{\"@type\":\"BreadcrumbList\",\"@id\":\"https:\/\/dev.ferri.ca\/en\/why-ferri\/testimonials\/#breadcrumb\",\"itemListElement\":[{\"@type\":\"ListItem\",\"position\":1,\"name\":\"Home\",\"item\":\"https:\/\/dev.ferri.ca\/en\/\"},{\"@type\":\"ListItem\",\"position\":2,\"name\":\"WHY FERRI ?\",\"item\":\"https:\/\/dev.ferri.ca\/en\/why-ferri\/\"},{\"@type\":\"ListItem\",\"position\":3,\"name\":\"Testimonials\"}]}]}<\/script>\n<!-- \/ Yoast SEO plugin. -->","yoast_head_json":{"title":"Testimonials - Ferri","robots":{"index":"noindex","follow":"follow","max-snippet":"max-snippet:-1","max-image-preview":"max-image-preview:large","max-video-preview":"max-video-preview:-1"},"og_locale":"en_US","og_type":"article","og_title":"Testimonials - Ferri","og_url":"https:\/\/dev.ferri.ca\/en\/why-ferri\/testimonials\/","og_site_name":"Ferri","article_modified_time":"2016-07-18T12:52:48+00:00","twitter_card":"summary","twitter_misc":{"Est. reading time":"1 minute"},"schema":{"@context":"https:\/\/schema.org","@graph":[{"@type":"WebSite","@id":"https:\/\/dev.ferri.ca\/#website","url":"https:\/\/dev.ferri.ca\/","name":"Ferri","description":"Agence immobili\u00e8re depuis 1993","potentialAction":[{"@type":"SearchAction","target":{"@type":"EntryPoint","urlTemplate":"https:\/\/dev.ferri.ca\/?s={search_term_string}"},"query-input":"required name=search_term_string"}],"inLanguage":"en-US"},{"@type":"WebPage","@id":"https:\/\/dev.ferri.ca\/en\/why-ferri\/testimonials\/#webpage","url":"https:\/\/dev.ferri.ca\/en\/why-ferri\/testimonials\/","name":"Testimonials - Ferri","isPartOf":{"@id":"https:\/\/dev.ferri.ca\/#website"},"datePublished":"2016-03-29T19:57:25+00:00","dateModified":"2016-07-18T12:52:48+00:00","breadcrumb":{"@id":"https:\/\/dev.ferri.ca\/en\/why-ferri\/testimonials\/#breadcrumb"},"inLanguage":"en-US","potentialAction":[{"@type":"ReadAction","target":["https:\/\/dev.ferri.ca\/en\/why-ferri\/testimonials\/"]}]},{"@type":"BreadcrumbList","@id":"https:\/\/dev.ferri.ca\/en\/why-ferri\/testimonials\/#breadcrumb","itemListElement":[{"@type":"ListItem","position":1,"name":"Home","item":"https:\/\/dev.ferri.ca\/en\/"},{"@type":"ListItem","position":2,"name":"WHY FERRI ?","item":"https:\/\/dev.ferri.ca\/en\/why-ferri\/"},{"@type":"ListItem","position":3,"name":"Testimonials"}]}]}},"_links":{"self":[{"href":"https:\/\/dev.ferri.ca\/en\/wp-json\/wp\/v2\/pages\/934"}],"collection":[{"href":"https:\/\/dev.ferri.ca\/en\/wp-json\/wp\/v2\/pages"}],"about":[{"href":"https:\/\/dev.ferri.ca\/en\/wp-json\/wp\/v2\/types\/page"}],"author":[{"embeddable":true,"href":"https:\/\/dev.ferri.ca\/en\/wp-json\/wp\/v2\/users\/1"}],"replies":[{"embeddable":true,"href":"https:\/\/dev.ferri.ca\/en\/wp-json\/wp\/v2\/comments?post=934"}],"version-history":[{"count":5,"href":"https:\/\/dev.ferri.ca\/en\/wp-json\/wp\/v2\/pages\/934\/revisions"}],"predecessor-version":[{"id":1702,"href":"https:\/\/dev.ferri.ca\/en\/wp-json\/wp\/v2\/pages\/934\/revisions\/1702"}],"up":[{"embeddable":true,"href":"https:\/\/dev.ferri.ca\/en\/wp-json\/wp\/v2\/pages\/919"}],"wp:attachment":[{"href":"https:\/\/dev.ferri.ca\/en\/wp-json\/wp\/v2\/media?parent=934"}],"curies":[{"name":"wp","href":"https:\/\/api.w.org\/{rel}","templated":true}]}}